{"id":3,"date":"2020-06-17T12:34:20","date_gmt":"2020-06-17T10:34:20","guid":{"rendered":"https:\/\/site.canvayo.com\/open-vhb\/?page_id=3"},"modified":"2021-01-27T13:11:02","modified_gmt":"2021-01-27T12:11:02","slug":"impressum","status":"publish","type":"page","link":"https:\/\/cloud.canvayo.com\/open-vhb\/impressum\/","title":{"rendered":"Impressum"},"content":{"rendered":"<p>&nbsp;<\/p>\n<h3>Herausgeber:<\/h3>\n<p>Virtuelle Hochschule Bayern<br \/>\nLuitpoldstr. 5<br \/>\n96052 Bamberg<\/p>\n<p>Tel: +49 951 863 3800<br \/>\nFax: +49 951 863 3805<br \/>\nE-Mail: info[at]vhb.org<\/p>\n<h3>Verantwortlich \/ Vertretungsberechtigte Person:<\/h3>\n<p>Verantwortlicher im Sinne von \u00a7 5 TMG und \u00a7 55 RfStV ist der Pr\u00e4sident der Virtuellen Hochschule Bayern. F\u00fcr namentlich oder mit einem gesonderten Impressum gekennzeichnete Beitr\u00e4ge liegt die Verantwortung bei den jeweiligen Autoren.<\/p>\n<p>Pr\u00e4sident der Virtuellen Hochschule Bayern:<br \/>\nProf. Dr. Dr. habil. Godehard Ruppert<br \/>\nKontakt: Telefon: 0951 863-3800<br \/>\nE-Mail: info[at]vhb.org<\/p>\n<h3>Zust\u00e4ndige Aufsichtsbeh\u00f6rde:<\/h3>\n<p>Bayerisches Staatsministerium f\u00fcr Wissenschaft und Kunst<br \/>\nSalvatorstra\u00dfe 2<br \/>\n80333 M\u00fcnchen<\/p>\n<h3>Urheberrecht:<\/h3>\n<p>Alle innerhalb des Internetangebotes genannten und ggf. durch Dritte gesch\u00fctzten Marken- und Warenzeichen unterliegen uneingeschr\u00e4nkt den Bestimmungen des jeweils g\u00fcltigen Kennzeichenrechts und den Besitzrechten der jeweiligen eingetragenen Eigent\u00fcmer. Allein aufgrund der blo\u00dfen Nennung in unserem Internetangebot ist nicht der Schluss zu ziehen, dass Markenzeichen nicht durch Rechte Dritter gesch\u00fctzt sind.<\/p>\n<h3>Haftungsausschluss:<\/h3>\n<p>Die Virtuelle Hochschule Bayern (vhb) hat alle in ihrem Bereich bereitgestellten Informationen nach bestem Wissen und Gewissen erarbeitet und gepr\u00fcft. Es wird jedoch keine Gew\u00e4hr f\u00fcr die Aktualit\u00e4t, Richtigkeit, Vollst\u00e4ndigkeit und jederzeitige Verf\u00fcgbarkeit der bereit gestellten Informationen \u00fcbernommen.<\/p>\n<p>Unbeschadet der Regelungen des \u00a7 675 Absatz 2 BGB gilt f\u00fcr das bereitgestellte Informationsangebot folgende Haftungsbeschr\u00e4nkung:<\/p>\n<p>Die vhb und ihre Bediensteten haften nicht f\u00fcr Sch\u00e4den, die durch die Nutzung der im Internetangebot der vhb angebotenen Informationen entstehen. Der Haftungsausschluss gilt nicht, soweit die Vorschriften des \u00a7 839 BGB (Haftung bei Amtspflichtverletzung) einschl\u00e4gig sind.<br \/>\nF\u00fcr etwaige Sch\u00e4den, die beim Aufrufen oder Herunterladen von Daten durch Computerviren oder durch die Installation oder Nutzung von Software verursacht werden, wird nicht gehaftet.<br \/>\nNamentlich gekennzeichnete Internetseiten geben die Auffassungen und Erkenntnisse der abfassenden Personen wieder.<\/p>\n<p>Die vhb beh\u00e4lt es sich ausdr\u00fccklich vor, einzelne Webseiten oder das gesamte Angebot ohne gesonderte Ank\u00fcndigung zu ver\u00e4ndern, zu erg\u00e4nzen, zu l\u00f6schen oder die Ver\u00f6ffentlichung zeitweise oder endg\u00fcltig einzustellen.<\/p>\n<h3>Links und Verweise (Disclaimer):<\/h3>\n<p>Die vhb ist nur f\u00fcr die &#8222;eigenen Inhalte&#8220;, die sie zur Nutzung bereith\u00e4lt, nach den einschl\u00e4gigen Gesetzen verantwortlich.<\/p>\n<p>Von diesen eigenen Inhalten sind Querverweise (&#8222;externe Links&#8220;) auf die Webseiten anderer Anbieter zu unterscheiden. Durch den als &#8222;externer Link&#8220; gekennzeichneten Querverweis erm\u00f6glicht die vhb den Zugang zu &#8222;fremden Inhalten&#8220;.<\/p>\n<p>Durch den Querverweis vermittelt die vhb lediglich den Zugang zur Nutzung dieser Inhalte. F\u00fcr diese &#8222;fremden&#8220; Inhalte ist sie nicht verantwortlich, da sie die \u00dcbermittlung der Information nicht veranlasst, den Adressaten der \u00fcbermittelten Informationen nicht ausw\u00e4hlt und die \u00fcbermittelten Informationen auch nicht ausgew\u00e4hlt oder ver\u00e4ndert hat. Auch eine automatische kurzzeitige Zwischenspeicherung dieser &#8222;fremden Informationen&#8220; erfolgt wegen der gew\u00e4hlten Aufruf- und Verlinkungsmethodik nicht, so dass sich auch dadurch keine Verantwortlichkeit der vhb f\u00fcr diese fremden Inhalte ergibt.<\/p>\n<p>Bei der erstmaligen Verkn\u00fcpfung mit diesen Internetangeboten hat die Redaktion der vhb den fremden Inhalt jedoch daraufhin \u00fcberpr\u00fcft, ob durch ihn eine m\u00f6gliche zivilrechtliche oder strafrechtliche Verantwortlichkeit ausgel\u00f6st wird. Sobald die vhb jedoch feststellt oder von anderen darauf hingewiesen wird, dass ein konkretes Angebot, zu dem sie einen Link bereitgestellt hat, eine zivil- oder strafrechtliche Verantwortlichkeit ausl\u00f6st, wird sie den Verweis auf dieses Angebot unverz\u00fcglich aufheben, soweit es technisch m\u00f6glich und zumutbar ist.<\/p>\n<p>F\u00fcr illegale, fehlerhafte oder unvollst\u00e4ndige Inhalte und insbesondere f\u00fcr Sch\u00e4den, die aus der Nutzung oder Nichtnutzung von Informationen Dritter entstehen, haftet die vhb nicht.<\/p>","protected":false},"excerpt":{"rendered":"<p>&nbsp; Herausgeber: Virtuelle Hochschule Bayern Luitpoldstr. 5 96052 Bamberg Tel: +49 951 863 3800&#8230;<\/p>\n","protected":false},"author":1,"featured_media":0,"parent":0,"menu_order":0,"comment_status":"closed","ping_status":"closed","template":"","meta":{"_acf_changed":false,"editor_notices":[],"footnotes":""},"class_list":["post-3","page","type-page","status-publish","hentry"],"acf":[],"_links":{"self":[{"href":"https:\/\/cloud.canvayo.com\/open-vhb\/wp-json\/wp\/v2\/pages\/3","targetHints":{"allow":["GET"]}}],"collection":[{"href":"https:\/\/cloud.canvayo.com\/open-vhb\/wp-json\/wp\/v2\/pages"}],"about":[{"href":"https:\/\/cloud.canvayo.com\/open-vhb\/wp-json\/wp\/v2\/types\/page"}],"author":[{"embeddable":true,"href":"https:\/\/cloud.canvayo.com\/open-vhb\/wp-json\/wp\/v2\/users\/1"}],"replies":[{"embeddable":true,"href":"https:\/\/cloud.canvayo.com\/open-vhb\/wp-json\/wp\/v2\/comments?post=3"}],"version-history":[{"count":18,"href":"https:\/\/cloud.canvayo.com\/open-vhb\/wp-json\/wp\/v2\/pages\/3\/revisions"}],"predecessor-version":[{"id":943,"href":"https:\/\/cloud.canvayo.com\/open-vhb\/wp-json\/wp\/v2\/pages\/3\/revisions\/943"}],"wp:attachment":[{"href":"https:\/\/cloud.canvayo.com\/open-vhb\/wp-json\/wp\/v2\/media?parent=3"}],"curies":[{"name":"wp","href":"https:\/\/api.w.org\/{rel}","templated":true}]}}